{"id":981,"date":"2025-07-26T11:51:54","date_gmt":"2025-07-26T11:51:54","guid":{"rendered":"https:\/\/avistamultimedia.com\/?page_id=981"},"modified":"2025-07-28T11:08:13","modified_gmt":"2025-07-28T11:08:13","slug":"home","status":"publish","type":"page","link":"https:\/\/avistamultimedia.com\/","title":{"rendered":"Avistamultimedia"},"content":{"rendered":"\n<p class=\"has-border-color has-white-border-color\" style=\"border-width:11px\">Producci\u00f3n especializada en aventura y monta\u00f1a con amplia experiencia en todo tipo de piezas audiovisuales y fotograf\u00eda.<\/p>\n\n\n\n<figure class=\"wp-block-embed is-type-video is-provider-vimeo wp-block-embed-vimeo wp-embed-aspect-16-9 wp-has-aspect-ratio\"><div class=\"wp-block-embed__wrapper\">\n<iframe loading=\"lazy\" title=\"REEL AVISTA MULTIMEDIA\" src=\"https:\/\/player.vimeo.com\/video\/301966292?dnt=1&amp;app_id=122963\" width=\"950\" height=\"534\" frameborder=\"0\" allow=\"autoplay; fullscreen; picture-in-picture; clipboard-write; encrypted-media; web-share\" referrerpolicy=\"strict-origin-when-cross-origin\"><\/iframe>\n<\/div><\/figure>\n\n\n\n<p class=\"has-border-color has-white-border-color\" style=\"border-width:11px\"><strong>Persiguiendo el equilibrio<\/strong><\/p>\n\n\n\n<figure class=\"wp-block-embed is-type-video is-provider-vimeo wp-block-embed-vimeo wp-embed-aspect-16-9 wp-has-aspect-ratio\"><div class=\"wp-block-embed__wrapper\">\n<iframe loading=\"lazy\" title=\"TRAILER &quot;PERSIGUIENDO EL EQUILIBRIO&quot;\" src=\"https:\/\/player.vimeo.com\/video\/286386856?dnt=1&amp;app_id=122963\" width=\"950\" height=\"534\" frameborder=\"0\" allow=\"autoplay; fullscreen; picture-in-picture; clipboard-write; encrypted-media; web-share\" referrerpolicy=\"strict-origin-when-cross-origin\"><\/iframe>\n<\/div><\/figure>\n\n\n\n<p class=\"has-border-color has-white-border-color has-medium-font-size\" style=\"border-width:11px\">(40 min) escalada de adherencia extrema en La Pedriza.<\/p>\n\n\n\n<p class=\"has-border-color has-white-border-color\" style=\"border-width:11px\"><strong>\u201cEverest: un reto sobrehumano\u201d (80 min)<\/strong><\/p>\n\n\n\n<figure class=\"wp-block-embed is-type-video is-provider-vimeo wp-block-embed-vimeo wp-embed-aspect-16-9 wp-has-aspect-ratio\"><div class=\"wp-block-embed__wrapper\">\n<iframe loading=\"lazy\" title=\"TRAILER EVEREST: UN RETO SOBREHUMANO\" src=\"https:\/\/player.vimeo.com\/video\/240574336?dnt=1&amp;app_id=122963\" width=\"950\" height=\"534\" frameborder=\"0\" allow=\"autoplay; fullscreen; picture-in-picture; clipboard-write; encrypted-media; web-share\" referrerpolicy=\"strict-origin-when-cross-origin\"><\/iframe>\n<\/div><\/figure>\n\n\n\n<p class=\"has-border-color has-white-border-color has-medium-font-size\" style=\"border-width:11px;margin-top:0;margin-right:0;margin-bottom:0;margin-left:0\">La mayor de las aventuras con Alex Txikon en el Everest en invierno y sin ox\u00edgeno artificial.<br>Organizamos proyecciones con presentaci\u00f3n de los protagonistas y el director.<\/p>\n\n\n\n<p><\/p>\n","protected":false},"excerpt":{"rendered":"<p>Producci\u00f3n especializada en aventura y monta\u00f1a con amplia experiencia en todo tipo de piezas audiovisuales y fotograf\u00eda. Persiguiendo el equilibrio (40 min) escalada de adherencia extrema en La Pedriza. \u201cEverest: un reto sobrehumano\u201d (80 min) La mayor de las aventuras con Alex Txikon en el Everest en invierno y sin ox\u00edgeno artificial.Organizamos proyecciones con presentaci\u00f3n &hellip; <\/p>\n<p class=\"link-more\"><a href=\"https:\/\/avistamultimedia.com\/\" class=\"more-link\">Leer m\u00e1s<span class=\"screen-reader-text\"> \u00abAvistamultimedia\u00bb<\/span><\/a><\/p>\n","protected":false},"author":1,"featured_media":0,"parent":0,"menu_order":0,"comment_status":"closed","ping_status":"closed","template":"page-templates\/homepage-no-hero.php","meta":{"footnotes":""},"class_list":["post-981","page","type-page","status-publish","hentry"],"_links":{"self":[{"href":"https:\/\/avistamultimedia.com\/index.php?rest_route=\/wp\/v2\/pages\/981","targetHints":{"allow":["GET"]}}],"collection":[{"href":"https:\/\/avistamultimedia.com\/index.php?rest_route=\/wp\/v2\/pages"}],"about":[{"href":"https:\/\/avistamultimedia.com\/index.php?rest_route=\/wp\/v2\/types\/page"}],"author":[{"embeddable":true,"href":"https:\/\/avistamultimedia.com\/index.php?rest_route=\/wp\/v2\/users\/1"}],"replies":[{"embeddable":true,"href":"https:\/\/avistamultimedia.com\/index.php?rest_route=%2Fwp%2Fv2%2Fcomments&post=981"}],"version-history":[{"count":8,"href":"https:\/\/avistamultimedia.com\/index.php?rest_route=\/wp\/v2\/pages\/981\/revisions"}],"predecessor-version":[{"id":1023,"href":"https:\/\/avistamultimedia.com\/index.php?rest_route=\/wp\/v2\/pages\/981\/revisions\/1023"}],"wp:attachment":[{"href":"https:\/\/avistamultimedia.com\/index.php?rest_route=%2Fwp%2Fv2%2Fmedia&parent=981"}],"curies":[{"name":"wp","href":"https:\/\/api.w.org\/{rel}","templated":true}]}}